{"id":6629,"date":"2025-11-13T10:09:04","date_gmt":"2025-11-13T09:09:04","guid":{"rendered":"https:\/\/bluewines.existio.existalia.es\/?page_id=6629"},"modified":"2026-02-17T00:26:37","modified_gmt":"2026-02-16T23:26:37","slug":"matarromera-group","status":"publish","type":"page","link":"https:\/\/bluewines.existio.existalia.es\/en\/wines\/matarromera-group\/","title":{"rendered":"Matarromera Group"},"content":{"rendered":"\t\t<div data-elementor-type=\"wp-page\" data-elementor-id=\"6629\" class=\"elementor elementor-6629 elementor-5052\" data-elementor-post-type=\"page\">\n\t\t\t\t<div class=\"elementor-element elementor-element-4cc49e6 e-flex e-con-boxed e-con e-parent\" data-id=\"4cc49e6\" data-element_type=\"container\">\n\t\t\t\t\t<div class=\"e-con-inner\">\n\t\t\t\t<div class=\"elementor-element elementor-element-3de3c71 elementor-absolute elementor-widget elementor-widget-image\" data-id=\"3de3c71\" data-element_type=\"widget\" data-settings=\"{&quot;_position&quot;:&quot;absolute&quot;}\" data-widget_type=\"image.default\">\n\t\t\t\t\t\t\t\t\t\t\t\t\t\t\t<img fetchpriority=\"high\" decoding=\"async\" width=\"392\" height=\"711\" src=\"https:\/\/bluewines.existio.existalia.es\/wp-content\/uploads\/2024\/07\/team_vector.png\" class=\"attachment-full size-full wp-image-6402\" alt=\"\" srcset=\"https:\/\/bluewines.existio.existalia.es\/wp-content\/uploads\/2024\/07\/team_vector.png 392w, https:\/\/bluewines.existio.existalia.es\/wp-content\/uploads\/2024\/07\/team_vector-165x300.png 165w\" sizes=\"(max-width: 392px) 100vw, 392px\" \/>\t\t\t\t\t\t\t\t\t\t\t\t\t\t\t<\/div>\n\t\t\t\t<div class=\"elementor-element elementor-element-70b48a9 elementor-widget elementor-widget-image\" data-id=\"70b48a9\" data-element_type=\"widget\" data-widget_type=\"image.default\">\n\t\t\t\t\t\t\t\t\t\t\t\t\t\t\t<img decoding=\"async\" width=\"900\" height=\"515\" src=\"https:\/\/bluewines.existio.existalia.es\/wp-content\/uploads\/2025\/11\/LOGOALTA_CALIDAD-1024x586.jpg\" class=\"attachment-large size-large wp-image-6630\" alt=\"\" srcset=\"https:\/\/bluewines.existio.existalia.es\/wp-content\/uploads\/2025\/11\/LOGOALTA_CALIDAD-1024x586.jpg 1024w, https:\/\/bluewines.existio.existalia.es\/wp-content\/uploads\/2025\/11\/LOGOALTA_CALIDAD-300x172.jpg 300w, https:\/\/bluewines.existio.existalia.es\/wp-content\/uploads\/2025\/11\/LOGOALTA_CALIDAD-768x440.jpg 768w, https:\/\/bluewines.existio.existalia.es\/wp-content\/uploads\/2025\/11\/LOGOALTA_CALIDAD-1536x880.jpg 1536w, https:\/\/bluewines.existio.existalia.es\/wp-content\/uploads\/2025\/11\/LOGOALTA_CALIDAD-450x258.jpg 450w, https:\/\/bluewines.existio.existalia.es\/wp-content\/uploads\/2025\/11\/LOGOALTA_CALIDAD-800x458.jpg 800w, https:\/\/bluewines.existio.existalia.es\/wp-content\/uploads\/2025\/11\/LOGOALTA_CALIDAD.jpg 2015w\" sizes=\"(max-width: 900px) 100vw, 900px\" \/>\t\t\t\t\t\t\t\t\t\t\t\t\t\t\t<\/div>\n\t\t\t\t<div class=\"elementor-element elementor-element-a2e8dcb elementor-widget__width-initial elementor-widget elementor-widget-text-editor\" data-id=\"a2e8dcb\" data-element_type=\"widget\" data-widget_type=\"text-editor.default\">\n\t\t\t\t\t\t\t\t\t<p data-start=\"311\" data-end=\"632\"><strong data-start=\"311\" data-end=\"332\">Matarromera Group<\/strong> is one of the great references of Spanish wine, founded by <strong data-start=\"396\" data-end=\"411\">Carlos Moro<\/strong> in the heart of the <strong data-start=\"432\" data-end=\"452\">Ribera del Duero<\/strong>. Since its creation in <strong data-start=\"475\" data-end=\"483\">1988<\/strong>, the winery has maintained a constant commitment to <strong data-start=\"539\" data-end=\"588\">excellence, innovation and sustainability<\/strong>, values that today define the entire group.<\/p><p data-start=\"634\" data-end=\"889\">The project integrates several wineries located in the main winegrowing areas of Spain \u2014 <strong data-start=\"728\" data-end=\"787\">Ribera del Duero, Rueda, Rioja, Toro, Cigales and Ribeiro<\/strong>\u2014, where it combines respect for the origin with the application of cutting-edge technology in production.<\/p><p data-start=\"891\" data-end=\"1086\">The wines of <strong data-start=\"904\" data-end=\"919\">Matarromera<\/strong> stand out for their balance, structure and elegance, the result of meticulous work in the vineyard and precise aging in French and American oak barrels.<\/p><p data-start=\"1088\" data-end=\"1230\">With a clear international projection, <strong data-start=\"1128\" data-end=\"1149\">Matarromera Group<\/strong> represents the <strong data-start=\"1164\" data-end=\"1228\">strength, quality and prestige of contemporary Spanish wine.<\/strong><\/p>\t\t\t\t\t\t\t\t<\/div>\n\t\t\t\t<div class=\"elementor-element elementor-element-ab0641d elementor-button-outline animated-fast elementor-align-center elementor-invisible elementor-widget elementor-widget-button\" data-id=\"ab0641d\" data-element_type=\"widget\" data-settings=\"{&quot;_animation&quot;:&quot;opal-move-up&quot;}\" data-widget_type=\"button.default\">\n\t\t\t\t\t\t\t\t\t\t<a class=\"elementor-button elementor-button-link elementor-size-sm\" href=\"#vinos\">\n\t\t\t\t\t\t<span class=\"elementor-button-content-wrapper\">\n\t\t\t\t\t\t\t\t\t<span class=\"elementor-button-text\">SELECTION NOTICE<\/span>\n\t\t\t\t\t<\/span>\n\t\t\t\t\t<\/a>\n\t\t\t\t\t\t\t\t<\/div>\n\t\t\t\t\t<\/div>\n\t\t\t\t<\/div>\n\t\t<div class=\"elementor-element elementor-element-b9538c6 e-con-full e-flex e-con e-parent\" data-id=\"b9538c6\" data-element_type=\"container\">\n\t\t\t\t<div class=\"elementor-element elementor-element-b916144 elementor-arrows-position-inside elementor-widget elementor-widget-image-carousel\" data-id=\"b916144\" data-element_type=\"widget\" data-settings=\"{&quot;slides_to_show&quot;:&quot;2&quot;,&quot;navigation&quot;:&quot;arrows&quot;,&quot;autoplay&quot;:&quot;yes&quot;,&quot;pause_on_hover&quot;:&quot;yes&quot;,&quot;pause_on_interaction&quot;:&quot;yes&quot;,&quot;autoplay_speed&quot;:5000,&quot;infinite&quot;:&quot;yes&quot;,&quot;speed&quot;:500}\" data-widget_type=\"image-carousel.default\">\n\t\t\t\t\t\t\t<div class=\"elementor-image-carousel-wrapper swiper\" role=\"region\" aria-roledescription=\"carousel\" aria-label=\"Carrusel de im\u00e1genes\" dir=\"ltr\">\n\t\t\t<div class=\"elementor-image-carousel swiper-wrapper\" aria-live=\"off\">\n\t\t\t\t\t\t\t\t<div class=\"swiper-slide\" role=\"group\" aria-roledescription=\"slide\" aria-label=\"1 of 4\"><figure class=\"swiper-slide-inner\"><img decoding=\"async\" class=\"swiper-slide-image\" src=\"https:\/\/bluewines.existio.existalia.es\/wp-content\/uploads\/2025\/11\/2020-09-11.webp\" alt=\"2020-09-11\" \/><\/figure><\/div><div class=\"swiper-slide\" role=\"group\" aria-roledescription=\"slide\" aria-label=\"2 of 4\"><figure class=\"swiper-slide-inner\"><img decoding=\"async\" class=\"swiper-slide-image\" src=\"https:\/\/bluewines.existio.existalia.es\/wp-content\/uploads\/2025\/11\/unnamed-1.webp\" alt=\"unnamed (1)\" \/><\/figure><\/div><div class=\"swiper-slide\" role=\"group\" aria-roledescription=\"slide\" aria-label=\"3 of 4\"><figure class=\"swiper-slide-inner\"><img decoding=\"async\" class=\"swiper-slide-image\" src=\"https:\/\/bluewines.existio.existalia.es\/wp-content\/uploads\/2025\/11\/unnamed.webp\" alt=\"unnamed\" \/><\/figure><\/div><div class=\"swiper-slide\" role=\"group\" aria-roledescription=\"slide\" aria-label=\"4 of 4\"><figure class=\"swiper-slide-inner\"><img decoding=\"async\" class=\"swiper-slide-image\" src=\"https:\/\/bluewines.existio.existalia.es\/wp-content\/uploads\/2025\/11\/unnamed-2.webp\" alt=\"unnamed (2)\" \/><\/figure><\/div>\t\t\t<\/div>\n\t\t\t\t\t\t\t\t\t\t\t\t<div class=\"elementor-swiper-button elementor-swiper-button-prev\" role=\"button\" tabindex=\"0\">\n\t\t\t\t\t\t<svg aria-hidden=\"true\" class=\"e-font-icon-svg e-eicon-chevron-left\" viewBox=\"0 0 1000 1000\" xmlns=\"http:\/\/www.w3.org\/2000\/svg\"><path d=\"M646 125C629 125 613 133 604 142L308 442C296 454 292 471 292 487 292 504 296 521 308 533L604 854C617 867 629 875 646 875 663 875 679 871 692 858 704 846 713 829 713 812 713 796 708 779 692 767L438 487 692 225C700 217 708 204 708 187 708 171 704 154 692 142 675 129 663 125 646 125Z\"><\/path><\/svg>\t\t\t\t\t<\/div>\n\t\t\t\t\t<div class=\"elementor-swiper-button elementor-swiper-button-next\" role=\"button\" tabindex=\"0\">\n\t\t\t\t\t\t<svg aria-hidden=\"true\" class=\"e-font-icon-svg e-eicon-chevron-right\" viewBox=\"0 0 1000 1000\" xmlns=\"http:\/\/www.w3.org\/2000\/svg\"><path d=\"M696 533C708 521 713 504 713 487 713 471 708 454 696 446L400 146C388 133 375 125 354 125 338 125 325 129 313 142 300 154 292 171 292 187 292 204 296 221 308 233L563 492 304 771C292 783 288 800 288 817 288 833 296 850 308 863 321 871 338 875 354 875 371 875 388 867 400 854L696 533Z\"><\/path><\/svg>\t\t\t\t\t<\/div>\n\t\t\t\t\n\t\t\t\t\t\t\t\t\t<\/div>\n\t\t\t\t\t\t<\/div>\n\t\t\t\t<\/div>\n\t\t<div class=\"elementor-element elementor-element-b912500 e-flex e-con-boxed e-con e-parent\" data-id=\"b912500\" data-element_type=\"container\" id=\"vinos\" data-settings=\"{&quot;background_background&quot;:&quot;classic&quot;}\">\n\t\t\t\t\t<div class=\"e-con-inner\">\n\t\t<div class=\"elementor-element elementor-element-09d5576 e-flex e-con-boxed e-con e-child\" data-id=\"09d5576\" data-element_type=\"container\" data-settings=\"{&quot;background_background&quot;:&quot;classic&quot;}\">\n\t\t\t\t\t<div class=\"e-con-inner\">\n\t\t\t\t<div class=\"elementor-element elementor-element-3ed3c11 elementor-absolute elementor-widget elementor-widget-image\" data-id=\"3ed3c11\" data-element_type=\"widget\" data-settings=\"{&quot;_position&quot;:&quot;absolute&quot;,&quot;motion_fx_motion_fx_scrolling&quot;:&quot;yes&quot;,&quot;motion_fx_translateX_effect&quot;:&quot;yes&quot;,&quot;motion_fx_translateX_speed&quot;:{&quot;unit&quot;:&quot;px&quot;,&quot;size&quot;:1,&quot;sizes&quot;:[]},&quot;motion_fx_scale_effect&quot;:&quot;yes&quot;,&quot;motion_fx_scale_direction&quot;:&quot;in-out&quot;,&quot;motion_fx_scale_speed&quot;:{&quot;unit&quot;:&quot;px&quot;,&quot;size&quot;:1.1,&quot;sizes&quot;:[]},&quot;motion_fx_devices&quot;:[&quot;desktop&quot;,&quot;laptop&quot;,&quot;tablet_extra&quot;,&quot;tablet&quot;],&quot;motion_fx_translateX_affectedRange&quot;:{&quot;unit&quot;:&quot;%&quot;,&quot;size&quot;:&quot;&quot;,&quot;sizes&quot;:{&quot;start&quot;:0,&quot;end&quot;:100}},&quot;motion_fx_scale_range&quot;:{&quot;unit&quot;:&quot;%&quot;,&quot;size&quot;:&quot;&quot;,&quot;sizes&quot;:{&quot;start&quot;:20,&quot;end&quot;:80}}}\" data-widget_type=\"image.default\">\n\t\t\t\t\t\t\t\t\t\t\t\t\t\t\t<img decoding=\"async\" width=\"323\" height=\"357\" src=\"https:\/\/bluewines.existio.existalia.es\/wp-content\/uploads\/2024\/07\/h1_decor-1.png\" class=\"attachment-full size-full wp-image-6313\" alt=\"\" srcset=\"https:\/\/bluewines.existio.existalia.es\/wp-content\/uploads\/2024\/07\/h1_decor-1.png 323w, https:\/\/bluewines.existio.existalia.es\/wp-content\/uploads\/2024\/07\/h1_decor-1-271x300.png 271w\" sizes=\"(max-width: 323px) 100vw, 323px\" \/>\t\t\t\t\t\t\t\t\t\t\t\t\t\t\t<\/div>\n\t\t<div class=\"elementor-element elementor-element-bf59bd1 e-con-full e-flex e-con e-child\" data-id=\"bf59bd1\" data-element_type=\"container\">\n\t\t\t\t<div class=\"elementor-element elementor-element-94cadc2 elementor-widget__width-initial animated-fast elementor-widget-divider--view-line elementor-invisible elementor-widget elementor-widget-divider\" data-id=\"94cadc2\" data-element_type=\"widget\" data-settings=\"{&quot;_animation&quot;:&quot;opal-helix&quot;}\" data-widget_type=\"divider.default\">\n\t\t\t\t\t\t\t<div class=\"elementor-divider\">\n\t\t\t<span class=\"elementor-divider-separator\">\n\t\t\t\t\t\t<\/span>\n\t\t<\/div>\n\t\t\t\t\t\t<\/div>\n\t\t\t\t<div class=\"elementor-element elementor-element-45708ad animated-fast elementor-invisible elementor-widget elementor-widget-heading\" data-id=\"45708ad\" data-element_type=\"widget\" data-settings=\"{&quot;_animation&quot;:&quot;fadeInLeft&quot;}\" data-widget_type=\"heading.default\">\n\t\t\t\t\t<span class=\"elementor-heading-title elementor-size-default\">WINE SELECTION<\/span>\t\t\t\t<\/div>\n\t\t\t\t<\/div>\n\t\t\t\t<div class=\"elementor-element elementor-element-6293bf6 animated-fast elementor-invisible elementor-widget elementor-widget-heading\" data-id=\"6293bf6\" data-element_type=\"widget\" data-settings=\"{&quot;_animation&quot;:&quot;opal-move-up&quot;}\" data-widget_type=\"heading.default\">\n\t\t\t\t\t<h2 class=\"elementor-heading-title elementor-size-default\">The reflection of each<\/h2>\t\t\t\t<\/div>\n\t\t\t\t<div class=\"elementor-element elementor-element-07a3fa4 animated-fast elementor-invisible elementor-widget elementor-widget-heading\" data-id=\"07a3fa4\" data-element_type=\"widget\" data-settings=\"{&quot;_animation&quot;:&quot;opal-move-left&quot;}\" data-widget_type=\"heading.default\">\n\t\t\t\t\t<span class=\"elementor-heading-title elementor-size-default\">grocery store and its land<\/span>\t\t\t\t<\/div>\n\t\t\t\t<div class=\"elementor-element elementor-element-5931ba7 elementor-swiper-button-next-vertical-bottom elementor-swiper-button-next-horizontal-right elementor-swiper-button-prev-vertical-bottom elementor-swiper-button-prev-horizontal-right animated-fast elementor-invisible elementor-widget elementor-widget-asteno-products\" data-id=\"5931ba7\" data-element_type=\"widget\" data-settings=\"{&quot;_animation&quot;:&quot;opal-move-up&quot;}\" data-widget_type=\"asteno-products.default\">\n\t\t\t\t<div class=\"elementor-widget-container\">\n\t\t\t\t\t<div class=\"woocommerce columns-1  woocommerce-product-grid\"><\/div>        \t\t\t\t<\/div>\n\t\t\t\t<\/div>\n\t\t\t\t\t<\/div>\n\t\t\t\t<\/div>\n\t\t\t\t\t<\/div>\n\t\t\t\t<\/div>\n\t\t\t\t<\/div>\n\t\t","protected":false},"excerpt":{"rendered":"<p>Grupo Matarromera es uno de los grandes referentes del vino espa\u00f1ol, fundado por Carlos Moro en el coraz\u00f3n de la Ribera del Duero. Desde su creaci\u00f3n en 1988, la bodega ha mantenido un compromiso constante con la excelencia, la innovaci\u00f3n y la sostenibilidad, valores que hoy definen a todo el grupo. El proyecto integra varias [&hellip;]<\/p>\n","protected":false},"author":2,"featured_media":0,"parent":6395,"menu_order":0,"comment_status":"closed","ping_status":"closed","template":"template-homepage.php","meta":{"_acf_changed":false,"footnotes":""},"class_list":["post-6629","page","type-page","status-publish","hentry"],"acf":[],"_links":{"self":[{"href":"https:\/\/bluewines.existio.existalia.es\/en\/wp-json\/wp\/v2\/pages\/6629","targetHints":{"allow":["GET"]}}],"collection":[{"href":"https:\/\/bluewines.existio.existalia.es\/en\/wp-json\/wp\/v2\/pages"}],"about":[{"href":"https:\/\/bluewines.existio.existalia.es\/en\/wp-json\/wp\/v2\/types\/page"}],"author":[{"embeddable":true,"href":"https:\/\/bluewines.existio.existalia.es\/en\/wp-json\/wp\/v2\/users\/2"}],"replies":[{"embeddable":true,"href":"https:\/\/bluewines.existio.existalia.es\/en\/wp-json\/wp\/v2\/comments?post=6629"}],"version-history":[{"count":1,"href":"https:\/\/bluewines.existio.existalia.es\/en\/wp-json\/wp\/v2\/pages\/6629\/revisions"}],"predecessor-version":[{"id":6631,"href":"https:\/\/bluewines.existio.existalia.es\/en\/wp-json\/wp\/v2\/pages\/6629\/revisions\/6631"}],"up":[{"embeddable":true,"href":"https:\/\/bluewines.existio.existalia.es\/en\/wp-json\/wp\/v2\/pages\/6395"}],"wp:attachment":[{"href":"https:\/\/bluewines.existio.existalia.es\/en\/wp-json\/wp\/v2\/media?parent=6629"}],"curies":[{"name":"wp","href":"https:\/\/api.w.org\/{rel}","templated":true}]}}