{"id":6639,"date":"2025-10-28T21:25:55","date_gmt":"2025-10-28T20:25:55","guid":{"rendered":"https:\/\/bluewines.existio.existalia.es\/?page_id=6639"},"modified":"2026-02-17T00:27:50","modified_gmt":"2026-02-16T23:27:50","slug":"jean-diot","status":"publish","type":"page","link":"https:\/\/bluewines.existio.existalia.es\/fr\/caves\/jean-diot\/","title":{"rendered":"Jean Diot"},"content":{"rendered":"\t\t<div data-elementor-type=\"wp-page\" data-elementor-id=\"6639\" class=\"elementor elementor-6639 elementor-4718\" data-elementor-post-type=\"page\">\n\t\t\t\t<div class=\"elementor-element elementor-element-4cc49e6 e-flex e-con-boxed e-con e-parent\" data-id=\"4cc49e6\" data-element_type=\"container\">\n\t\t\t\t\t<div class=\"e-con-inner\">\n\t\t\t\t<div class=\"elementor-element elementor-element-3de3c71 elementor-absolute elementor-widget elementor-widget-image\" data-id=\"3de3c71\" data-element_type=\"widget\" data-settings=\"{&quot;_position&quot;:&quot;absolute&quot;}\" data-widget_type=\"image.default\">\n\t\t\t\t\t\t\t\t\t\t\t\t\t\t\t<img fetchpriority=\"high\" decoding=\"async\" width=\"392\" height=\"711\" src=\"https:\/\/bluewines.existio.existalia.es\/wp-content\/uploads\/2024\/07\/team_vector.png\" class=\"attachment-full size-full wp-image-6416\" alt=\"\" srcset=\"https:\/\/bluewines.existio.existalia.es\/wp-content\/uploads\/2024\/07\/team_vector.png 392w, https:\/\/bluewines.existio.existalia.es\/wp-content\/uploads\/2024\/07\/team_vector-165x300.png 165w\" sizes=\"(max-width: 392px) 100vw, 392px\" \/>\t\t\t\t\t\t\t\t\t\t\t\t\t\t\t<\/div>\n\t\t\t\t<div class=\"elementor-element elementor-element-70b48a9 elementor-widget elementor-widget-image\" data-id=\"70b48a9\" data-element_type=\"widget\" data-widget_type=\"image.default\">\n\t\t\t\t\t\t\t\t\t\t\t\t\t\t\t<img decoding=\"async\" width=\"377\" height=\"377\" src=\"https:\/\/bluewines.existio.existalia.es\/wp-content\/uploads\/2025\/10\/Jean-Didot-1.png\" class=\"attachment-large size-large wp-image-6640\" alt=\"\" srcset=\"https:\/\/bluewines.existio.existalia.es\/wp-content\/uploads\/2025\/10\/Jean-Didot-1.png 377w, https:\/\/bluewines.existio.existalia.es\/wp-content\/uploads\/2025\/10\/Jean-Didot-1-100x100.png 100w, https:\/\/bluewines.existio.existalia.es\/wp-content\/uploads\/2025\/10\/Jean-Didot-1-300x300.png 300w, https:\/\/bluewines.existio.existalia.es\/wp-content\/uploads\/2025\/10\/Jean-Didot-1-150x150.png 150w, https:\/\/bluewines.existio.existalia.es\/wp-content\/uploads\/2025\/10\/Jean-Didot-1-50x50.png 50w\" sizes=\"(max-width: 377px) 100vw, 377px\" \/>\t\t\t\t\t\t\t\t\t\t\t\t\t\t\t<\/div>\n\t\t\t\t<div class=\"elementor-element elementor-element-a2e8dcb elementor-widget__width-initial elementor-widget elementor-widget-text-editor\" data-id=\"a2e8dcb\" data-element_type=\"widget\" data-widget_type=\"text-editor.default\">\n\t\t\t\t\t\t\t\t\t<p>Au d\u00e9but des ann\u00e9es 1960, Jean DIOT a cr\u00e9\u00e9 le champagne qui porte son nom. Tout au long des ann\u00e9es, il a d\u00e9velopp\u00e9 une entreprise familiale qui sait pr\u00e9server ses valeurs et traditions. Rachet\u00e9 en 1998 par ses enfants, Maison Jean DIOT, situ\u00e9e \u00e0 Vinay, poursuit l&rsquo;\u00e9laboration de ses vins de champagne gr\u00e2ce \u00e0 l&rsquo;attention m\u00e9ticuleuse des vignes situ\u00e9es sur les pentes sud d&rsquo;Epernay et la vall\u00e9e de la Marne.<\/p><p>Bient\u00f4t ses <strong>vins<\/strong> ont commenc\u00e9 \u00e0 recevoir des r\u00e9compenses importantes, comme la M\u00e9daille d&rsquo;argent obtenue \u00e0 l&rsquo;Exposition de Logro\u00f1e de 1898 et la M\u00e9daille d&rsquo;or \u00e0 l&rsquo;Exposition universelle de Barcelone en 1929.<\/p>\t\t\t\t\t\t\t\t<\/div>\n\t\t\t\t<div class=\"elementor-element elementor-element-d73865f elementor-button-outline animated-fast elementor-align-center elementor-invisible elementor-widget elementor-widget-button\" data-id=\"d73865f\" data-element_type=\"widget\" data-settings=\"{&quot;_animation&quot;:&quot;opal-move-up&quot;}\" data-widget_type=\"button.default\">\n\t\t\t\t\t\t\t\t\t\t<a class=\"elementor-button elementor-button-link elementor-size-sm\" href=\"#vinos\">\n\t\t\t\t\t\t<span class=\"elementor-button-content-wrapper\">\n\t\t\t\t\t\t\t\t\t<span class=\"elementor-button-text\">S\u00c9LECTIONNER<\/span>\n\t\t\t\t\t<\/span>\n\t\t\t\t\t<\/a>\n\t\t\t\t\t\t\t\t<\/div>\n\t\t\t\t\t<\/div>\n\t\t\t\t<\/div>\n\t\t<div class=\"elementor-element elementor-element-ebbb703 e-con-full e-flex e-con e-parent\" data-id=\"ebbb703\" data-element_type=\"container\">\n\t\t\t\t<div class=\"elementor-element elementor-element-1da225a elementor-arrows-position-inside elementor-widget elementor-widget-image-carousel\" data-id=\"1da225a\" data-element_type=\"widget\" data-settings=\"{&quot;slides_to_show&quot;:&quot;2&quot;,&quot;navigation&quot;:&quot;arrows&quot;,&quot;autoplay&quot;:&quot;yes&quot;,&quot;pause_on_hover&quot;:&quot;yes&quot;,&quot;pause_on_interaction&quot;:&quot;yes&quot;,&quot;autoplay_speed&quot;:5000,&quot;infinite&quot;:&quot;yes&quot;,&quot;speed&quot;:500}\" data-widget_type=\"image-carousel.default\">\n\t\t\t\t\t\t\t<div class=\"elementor-image-carousel-wrapper swiper\" role=\"region\" aria-roledescription=\"carousel\" aria-label=\"Carrusel de im\u00e1genes\" dir=\"ltr\">\n\t\t\t<div class=\"elementor-image-carousel swiper-wrapper\" aria-live=\"off\">\n\t\t\t\t\t\t\t\t<div class=\"swiper-slide\" role=\"group\" aria-roledescription=\"slide\" aria-label=\"1 sur 4\"><figure class=\"swiper-slide-inner\"><img decoding=\"async\" class=\"swiper-slide-image\" src=\"https:\/\/bluewines.existio.existalia.es\/wp-content\/uploads\/2025\/11\/473192116_18470791408064495_9166830618773916984_n.jpg\" alt=\"473192116_18470791408064495_9166830618773916984_n\" \/><\/figure><\/div><div class=\"swiper-slide\" role=\"group\" aria-roledescription=\"slide\" aria-label=\"2 sur 4\"><figure class=\"swiper-slide-inner\"><img decoding=\"async\" class=\"swiper-slide-image\" src=\"https:\/\/bluewines.existio.existalia.es\/wp-content\/uploads\/2025\/11\/Vignes-Praline.jpg\" alt=\"Vignes-Praline\" \/><\/figure><\/div><div class=\"swiper-slide\" role=\"group\" aria-roledescription=\"slide\" aria-label=\"3 sur 4\"><figure class=\"swiper-slide-inner\"><img decoding=\"async\" class=\"swiper-slide-image\" src=\"https:\/\/bluewines.existio.existalia.es\/wp-content\/uploads\/2025\/11\/AdobeStock_85539515.jpg\" alt=\"AdobeStock_85539515\" \/><\/figure><\/div><div class=\"swiper-slide\" role=\"group\" aria-roledescription=\"slide\" aria-label=\"4 sur 4\"><figure class=\"swiper-slide-inner\"><img decoding=\"async\" class=\"swiper-slide-image\" src=\"https:\/\/bluewines.existio.existalia.es\/wp-content\/uploads\/2025\/11\/491437192_18488610730064495_5735838081006966915_n.jpg\" alt=\"491437192_18488610730064495_5735838081006966915_n\" \/><\/figure><\/div>\t\t\t<\/div>\n\t\t\t\t\t\t\t\t\t\t\t\t<div class=\"elementor-swiper-button elementor-swiper-button-prev\" role=\"button\" tabindex=\"0\">\n\t\t\t\t\t\t<svg aria-hidden=\"true\" class=\"e-font-icon-svg e-eicon-chevron-left\" viewBox=\"0 0 1000 1000\" xmlns=\"http:\/\/www.w3.org\/2000\/svg\"><path d=\"M646 125C629 125 613 133 604 142L308 442C296 454 292 471 292 487 292 504 296 521 308 533L604 854C617 867 629 875 646 875 663 875 679 871 692 858 704 846 713 829 713 812 713 796 708 779 692 767L438 487 692 225C700 217 708 204 708 187 708 171 704 154 692 142 675 129 663 125 646 125Z\"><\/path><\/svg>\t\t\t\t\t<\/div>\n\t\t\t\t\t<div class=\"elementor-swiper-button elementor-swiper-button-next\" role=\"button\" tabindex=\"0\">\n\t\t\t\t\t\t<svg aria-hidden=\"true\" class=\"e-font-icon-svg e-eicon-chevron-right\" viewBox=\"0 0 1000 1000\" xmlns=\"http:\/\/www.w3.org\/2000\/svg\"><path d=\"M696 533C708 521 713 504 713 487 713 471 708 454 696 446L400 146C388 133 375 125 354 125 338 125 325 129 313 142 300 154 292 171 292 187 292 204 296 221 308 233L563 492 304 771C292 783 288 800 288 817 288 833 296 850 308 863 321 871 338 875 354 875 371 875 388 867 400 854L696 533Z\"><\/path><\/svg>\t\t\t\t\t<\/div>\n\t\t\t\t\n\t\t\t\t\t\t\t\t\t<\/div>\n\t\t\t\t\t\t<\/div>\n\t\t\t\t<\/div>\n\t\t<div class=\"elementor-element elementor-element-b912500 e-flex e-con-boxed e-con e-parent\" data-id=\"b912500\" data-element_type=\"container\" id=\"vinos\" data-settings=\"{&quot;background_background&quot;:&quot;classic&quot;}\">\n\t\t\t\t\t<div class=\"e-con-inner\">\n\t\t<div class=\"elementor-element elementor-element-09d5576 e-flex e-con-boxed e-con e-child\" data-id=\"09d5576\" data-element_type=\"container\" data-settings=\"{&quot;background_background&quot;:&quot;classic&quot;}\">\n\t\t\t\t\t<div class=\"e-con-inner\">\n\t\t\t\t<div class=\"elementor-element elementor-element-3ed3c11 elementor-absolute elementor-widget elementor-widget-image\" data-id=\"3ed3c11\" data-element_type=\"widget\" data-settings=\"{&quot;_position&quot;:&quot;absolute&quot;,&quot;motion_fx_motion_fx_scrolling&quot;:&quot;yes&quot;,&quot;motion_fx_translateX_effect&quot;:&quot;yes&quot;,&quot;motion_fx_translateX_speed&quot;:{&quot;unit&quot;:&quot;px&quot;,&quot;size&quot;:1,&quot;sizes&quot;:[]},&quot;motion_fx_scale_effect&quot;:&quot;yes&quot;,&quot;motion_fx_scale_direction&quot;:&quot;in-out&quot;,&quot;motion_fx_scale_speed&quot;:{&quot;unit&quot;:&quot;px&quot;,&quot;size&quot;:1.1,&quot;sizes&quot;:[]},&quot;motion_fx_devices&quot;:[&quot;desktop&quot;,&quot;laptop&quot;,&quot;tablet_extra&quot;,&quot;tablet&quot;],&quot;motion_fx_translateX_affectedRange&quot;:{&quot;unit&quot;:&quot;%&quot;,&quot;size&quot;:&quot;&quot;,&quot;sizes&quot;:{&quot;start&quot;:0,&quot;end&quot;:100}},&quot;motion_fx_scale_range&quot;:{&quot;unit&quot;:&quot;%&quot;,&quot;size&quot;:&quot;&quot;,&quot;sizes&quot;:{&quot;start&quot;:20,&quot;end&quot;:80}}}\" data-widget_type=\"image.default\">\n\t\t\t\t\t\t\t\t\t\t\t\t\t\t\t<img decoding=\"async\" width=\"323\" height=\"357\" src=\"https:\/\/bluewines.existio.existalia.es\/wp-content\/uploads\/2024\/07\/h1_decor-1.png\" class=\"attachment-full size-full wp-image-6338\" alt=\"\" srcset=\"https:\/\/bluewines.existio.existalia.es\/wp-content\/uploads\/2024\/07\/h1_decor-1.png 323w, https:\/\/bluewines.existio.existalia.es\/wp-content\/uploads\/2024\/07\/h1_decor-1-271x300.png 271w\" sizes=\"(max-width: 323px) 100vw, 323px\" \/>\t\t\t\t\t\t\t\t\t\t\t\t\t\t\t<\/div>\n\t\t<div class=\"elementor-element elementor-element-bf59bd1 e-con-full e-flex e-con e-child\" data-id=\"bf59bd1\" data-element_type=\"container\">\n\t\t\t\t<div class=\"elementor-element elementor-element-94cadc2 elementor-widget__width-initial animated-fast elementor-widget-divider--view-line elementor-invisible elementor-widget elementor-widget-divider\" data-id=\"94cadc2\" data-element_type=\"widget\" data-settings=\"{&quot;_animation&quot;:&quot;opal-helix&quot;}\" data-widget_type=\"divider.default\">\n\t\t\t\t\t\t\t<div class=\"elementor-divider\">\n\t\t\t<span class=\"elementor-divider-separator\">\n\t\t\t\t\t\t<\/span>\n\t\t<\/div>\n\t\t\t\t\t\t<\/div>\n\t\t\t\t<div class=\"elementor-element elementor-element-45708ad animated-fast elementor-invisible elementor-widget elementor-widget-heading\" data-id=\"45708ad\" data-element_type=\"widget\" data-settings=\"{&quot;_animation&quot;:&quot;fadeInLeft&quot;}\" data-widget_type=\"heading.default\">\n\t\t\t\t\t<span class=\"elementor-heading-title elementor-size-default\">S\u00c9LECTION DE VINS<\/span>\t\t\t\t<\/div>\n\t\t\t\t<\/div>\n\t\t\t\t<div class=\"elementor-element elementor-element-6293bf6 animated-fast elementor-invisible elementor-widget elementor-widget-heading\" data-id=\"6293bf6\" data-element_type=\"widget\" data-settings=\"{&quot;_animation&quot;:&quot;opal-move-up&quot;}\" data-widget_type=\"heading.default\">\n\t\t\t\t\t<h2 class=\"elementor-heading-title elementor-size-default\">La r\u00e9flexion de chaque<\/h2>\t\t\t\t<\/div>\n\t\t\t\t<div class=\"elementor-element elementor-element-07a3fa4 animated-fast elementor-invisible elementor-widget elementor-widget-heading\" data-id=\"07a3fa4\" data-element_type=\"widget\" data-settings=\"{&quot;_animation&quot;:&quot;opal-move-left&quot;}\" data-widget_type=\"heading.default\">\n\t\t\t\t\t<span class=\"elementor-heading-title elementor-size-default\">cave et sa terre<\/span>\t\t\t\t<\/div>\n\t\t\t\t<div class=\"elementor-element elementor-element-5931ba7 elementor-swiper-button-next-vertical-bottom elementor-swiper-button-next-horizontal-right elementor-swiper-button-prev-vertical-bottom elementor-swiper-button-prev-horizontal-right animated-fast elementor-invisible elementor-widget elementor-widget-asteno-products\" data-id=\"5931ba7\" data-element_type=\"widget\" data-settings=\"{&quot;_animation&quot;:&quot;opal-move-up&quot;}\" data-widget_type=\"asteno-products.default\">\n\t\t\t\t<div class=\"elementor-widget-container\">\n\t\t\t\t\t<div class=\"woocommerce columns-1  woocommerce-product-grid\"><\/div>        \t\t\t\t<\/div>\n\t\t\t\t<\/div>\n\t\t\t\t\t<\/div>\n\t\t\t\t<\/div>\n\t\t\t\t\t<\/div>\n\t\t\t\t<\/div>\n\t\t\t\t<\/div>\n\t\t","protected":false},"excerpt":{"rendered":"<p>A principios de la d\u00e9cada de 1960, Jean DIOT cre\u00f3 el champ\u00e1n que llevar\u00eda su nombre.\u00a0A lo largo de los a\u00f1os, ha desarrollado una finca familiar que sabe preservar sus valores y tradiciones.\u00a0Tomada en 1998 por sus hijos, Maison Jean DIOT, ubicada en Vinay, contin\u00faa elaborando sus vinos de champagne gracias al minucioso trabajo de [&hellip;]<\/p>\n","protected":false},"author":2,"featured_media":0,"parent":6409,"menu_order":0,"comment_status":"closed","ping_status":"closed","template":"template-homepage.php","meta":{"_acf_changed":false,"footnotes":""},"class_list":["post-6639","page","type-page","status-publish","hentry"],"acf":[],"_links":{"self":[{"href":"https:\/\/bluewines.existio.existalia.es\/fr\/wp-json\/wp\/v2\/pages\/6639","targetHints":{"allow":["GET"]}}],"collection":[{"href":"https:\/\/bluewines.existio.existalia.es\/fr\/wp-json\/wp\/v2\/pages"}],"about":[{"href":"https:\/\/bluewines.existio.existalia.es\/fr\/wp-json\/wp\/v2\/types\/page"}],"author":[{"embeddable":true,"href":"https:\/\/bluewines.existio.existalia.es\/fr\/wp-json\/wp\/v2\/users\/2"}],"replies":[{"embeddable":true,"href":"https:\/\/bluewines.existio.existalia.es\/fr\/wp-json\/wp\/v2\/comments?post=6639"}],"version-history":[{"count":1,"href":"https:\/\/bluewines.existio.existalia.es\/fr\/wp-json\/wp\/v2\/pages\/6639\/revisions"}],"predecessor-version":[{"id":6641,"href":"https:\/\/bluewines.existio.existalia.es\/fr\/wp-json\/wp\/v2\/pages\/6639\/revisions\/6641"}],"up":[{"embeddable":true,"href":"https:\/\/bluewines.existio.existalia.es\/fr\/wp-json\/wp\/v2\/pages\/6409"}],"wp:attachment":[{"href":"https:\/\/bluewines.existio.existalia.es\/fr\/wp-json\/wp\/v2\/media?parent=6639"}],"curies":[{"name":"wp","href":"https:\/\/api.w.org\/{rel}","templated":true}]}}